{"id":1037,"date":"2024-01-10T14:44:05","date_gmt":"2024-01-10T14:44:05","guid":{"rendered":"https:\/\/www.les-grands-moulins.fr\/V4\/?page_id=1037"},"modified":"2024-03-06T17:50:17","modified_gmt":"2024-03-06T17:50:17","slug":"animation-eco-construction","status":"publish","type":"page","link":"https:\/\/www.les-grands-moulins.fr\/V4\/animation-eco-construction\/","title":{"rendered":"Animation Eco-construction"},"content":{"rendered":"<p>[et_pb_section fb_built=\u00a0\u00bb1&Prime; _builder_version=\u00a0\u00bb4.19.4&Prime; _module_preset=\u00a0\u00bbdefault\u00a0\u00bb custom_padding=\u00a0\u00bb||22px|||\u00a0\u00bb global_colors_info=\u00a0\u00bb{}\u00a0\u00bb theme_builder_area=\u00a0\u00bbpost_content\u00a0\u00bb][et_pb_row _builder_version=\u00a0\u00bb4.19.4&Prime; _module_preset=\u00a0\u00bbdefault\u00a0\u00bb global_colors_info=\u00a0\u00bb{}\u00a0\u00bb theme_builder_area=\u00a0\u00bbpost_content\u00a0\u00bb][et_pb_column type=\u00a0\u00bb4_4&Prime; _builder_version=\u00a0\u00bb4.19.4&Prime; _module_preset=\u00a0\u00bbdefault\u00a0\u00bb global_colors_info=\u00a0\u00bb{}\u00a0\u00bb theme_builder_area=\u00a0\u00bbpost_content\u00a0\u00bb][et_pb_text _builder_version=\u00a0\u00bb4.24.2&Prime; _module_preset=\u00a0\u00bbdefault\u00a0\u00bb custom_margin=\u00a0\u00bb-23px|||||\u00a0\u00bb hover_enabled=\u00a0\u00bb0&Prime; global_colors_info=\u00a0\u00bb{}\u00a0\u00bb theme_builder_area=\u00a0\u00bbpost_content\u00a0\u00bb sticky_enabled=\u00a0\u00bb0&Prime;]Cette journ\u00e9e d\u2019animation, encadr\u00e9e par des animateurs professionnels, comprend 4 ateliers :<\/p>\n<p>&#8211; L\u2019empreinte \u00e9cologique et ses cons\u00e9quences sur nos modes de vie<\/p>\n<p>&#8211; La d\u00e9couverte des \u00e9nergies procur\u00e9es par la Terre et plus particuli\u00e8rement les \u00e9nergies renouvelables avec la visite de nos installations (panneaux solaires, roue \u00e0 aubes,\u2026)<\/p>\n<p>&#8211; La fabrication de murs \u00e9cologiques de diff\u00e9rentes techniques :  la paille, la brique d\u2019adobe et le bois cord\u00e9<\/p>\n<p>&#8211; L\u2019assemblage d\u2019une maquette de maison \u00e9cologique,  la Map\u00e9co, \u00e0 l\u2019aide des murs fabriqu\u00e9s<br \/>\n[\/et_pb_text][et_pb_text _builder_version=\u00a0\u00bb4.24.2&Prime; _module_preset=\u00a0\u00bbdefault\u00a0\u00bb custom_margin=\u00a0\u00bb-16px|||||\u00a0\u00bb global_colors_info=\u00a0\u00bb{}\u00a0\u00bb theme_builder_area=\u00a0\u00bbpost_content\u00a0\u00bb]<\/p>\n<blockquote>\n<p style=\"text-align: left;\"><b>Financ\u00e9e par le Conseil d\u00e9partemental<\/b><\/p>\n<\/blockquote>\n<p><strong><a href=\"https:\/\/www.les-grands-moulins.fr\/V4\/228-2\/#\"><\/a><\/strong><\/p>\n<p>[\/et_pb_text][\/et_pb_column][\/et_pb_row][\/et_pb_section][et_pb_section fb_built=\u00a0\u00bb1&Prime; _builder_version=\u00a0\u00bb4.19.4&Prime; _module_preset=\u00a0\u00bbdefault\u00a0\u00bb background_color=\u00a0\u00bbrgba(195,239,50,0.35)\u00a0\u00bb min_height=\u00a0\u00bb248.8px\u00a0\u00bb custom_margin=\u00a0\u00bb||-74px|||\u00a0\u00bb custom_padding=\u00a0\u00bb0px||0px||true|false\u00a0\u00bb global_module=\u00a0\u00bb105&Prime; global_colors_info=\u00a0\u00bb{}\u00a0\u00bb theme_builder_area=\u00a0\u00bbpost_content\u00a0\u00bb][et_pb_row column_structure=\u00a0\u00bb1_5,1_5,1_5,1_5,1_5&Prime; _builder_version=\u00a0\u00bb4.21.0&Prime; _module_preset=\u00a0\u00bbdefault\u00a0\u00bb min_height=\u00a0\u00bb123.5px\u00a0\u00bb custom_margin=\u00a0\u00bb0px|auto|0px|auto|false|false\u00a0\u00bb custom_padding=\u00a0\u00bb0px||0px||false|false\u00a0\u00bb global_colors_info=\u00a0\u00bb{}\u00a0\u00bb theme_builder_area=\u00a0\u00bbpost_content\u00a0\u00bb][et_pb_column type=\u00a0\u00bb1_5&Prime; _builder_version=\u00a0\u00bb4.19.4&Prime; _module_preset=\u00a0\u00bbdefault\u00a0\u00bb global_colors_info=\u00a0\u00bb{}\u00a0\u00bb theme_builder_area=\u00a0\u00bbpost_content\u00a0\u00bb][et_pb_text _builder_version=\u00a0\u00bb4.21.0&Prime; _module_preset=\u00a0\u00bbdefault\u00a0\u00bb min_height=\u00a0\u00bb19px\u00a0\u00bb custom_margin=\u00a0\u00bb50px||||false|false\u00a0\u00bb custom_padding=\u00a0\u00bb||6px|||\u00a0\u00bb global_colors_info=\u00a0\u00bb{}\u00a0\u00bb theme_builder_area=\u00a0\u00bbpost_content\u00a0\u00bb]<\/p>\n<p><span style=\"font-size: 1.2em; font-weight: bold;\">Les Grands Moulins<\/span><br \/>5, Rue Jean Jaur\u00e8s<br \/>18310 GRA\u00c7AY<br \/>02 48 51 29 96<\/p>\n<p>[\/et_pb_text][\/et_pb_column][et_pb_column type=\u00a0\u00bb1_5&Prime; _builder_version=\u00a0\u00bb4.19.4&Prime; _module_preset=\u00a0\u00bbdefault\u00a0\u00bb global_colors_info=\u00a0\u00bb{}\u00a0\u00bb theme_builder_area=\u00a0\u00bbpost_content\u00a0\u00bb][et_pb_image src=\u00a0\u00bbhttps:\/\/www.les-grands-moulins.fr\/V4\/wp-content\/uploads\/2023\/01\/Grands-Moulins-Maison-des-energies-PNG.png\u00a0\u00bb title_text=\u00a0\u00bbGrands-Moulins-Maison-des-energies-PNG\u00a0\u00bb url=\u00a0\u00bbhttps:\/\/www.les-grands-moulins.fr\u00a0\u00bb _builder_version=\u00a0\u00bb4.22.2&Prime; _module_preset=\u00a0\u00bbdefault\u00a0\u00bb transform_scale=\u00a0\u00bb50%|50%\u00a0\u00bb min_height=\u00a0\u00bb170px\u00a0\u00bb height=\u00a0\u00bb100px\u00a0\u00bb custom_margin=\u00a0\u00bb||||false|false\u00a0\u00bb custom_padding=\u00a0\u00bb||||false|false\u00a0\u00bb box_shadow_style=\u00a0\u00bbpreset1&Prime; global_colors_info=\u00a0\u00bb{}\u00a0\u00bb transform_styles__hover_enabled=\u00a0\u00bbon|hover\u00a0\u00bb transform_scale__hover_enabled=\u00a0\u00bbon|hover\u00a0\u00bb transform_translate__hover_enabled=\u00a0\u00bbon|desktop\u00a0\u00bb transform_rotate__hover_enabled=\u00a0\u00bbon|desktop\u00a0\u00bb transform_skew__hover_enabled=\u00a0\u00bbon|desktop\u00a0\u00bb transform_origin__hover_enabled=\u00a0\u00bbon|desktop\u00a0\u00bb theme_builder_area=\u00a0\u00bbpost_content\u00a0\u00bb transform_scale__hover=\u00a0\u00bb50%|50%\u00a0\u00bb][\/et_pb_image][\/et_pb_column][et_pb_column type=\u00a0\u00bb1_5&Prime; _builder_version=\u00a0\u00bb4.19.4&Prime; _module_preset=\u00a0\u00bbdefault\u00a0\u00bb global_colors_info=\u00a0\u00bb{}\u00a0\u00bb theme_builder_area=\u00a0\u00bbpost_content\u00a0\u00bb][et_pb_image src=\u00a0\u00bbhttps:\/\/www.les-grands-moulins.fr\/V4\/wp-content\/uploads\/2023\/04\/ligue18_png.png\u00a0\u00bb title_text=\u00a0\u00bbligue18_png\u00a0\u00bb url=\u00a0\u00bbhttps:\/\/www.laliguedelenseignement-18.fr\/\u00a0\u00bb url_new_window=\u00a0\u00bbon\u00a0\u00bb _builder_version=\u00a0\u00bb4.22.2&Prime; _module_preset=\u00a0\u00bbdefault\u00a0\u00bb transform_scale=\u00a0\u00bb90%|90%\u00a0\u00bb min_height=\u00a0\u00bb100px\u00a0\u00bb custom_margin=\u00a0\u00bb34px|0px||0px|false|false\u00a0\u00bb custom_padding=\u00a0\u00bb|0px||0px|false|false\u00a0\u00bb box_shadow_style=\u00a0\u00bbpreset1&Prime; global_colors_info=\u00a0\u00bb{}\u00a0\u00bb theme_builder_area=\u00a0\u00bbpost_content\u00a0\u00bb][\/et_pb_image][\/et_pb_column][et_pb_column type=\u00a0\u00bb1_5&Prime; _builder_version=\u00a0\u00bb4.19.4&Prime; _module_preset=\u00a0\u00bbdefault\u00a0\u00bb global_colors_info=\u00a0\u00bb{}\u00a0\u00bb theme_builder_area=\u00a0\u00bbpost_content\u00a0\u00bb][et_pb_image src=\u00a0\u00bbhttps:\/\/www.les-grands-moulins.fr\/V4\/wp-content\/uploads\/2023\/07\/eu-ecolabel-fr-051-477.png\u00a0\u00bb title_text=\u00a0\u00bbeu-ecolabel-fr-051-477&Prime; url=\u00a0\u00bbhttps:\/\/www.gites-de-france.com\/fr\u00a0\u00bb url_new_window=\u00a0\u00bbon\u00a0\u00bb show_bottom_space=\u00a0\u00bboff\u00a0\u00bb _builder_version=\u00a0\u00bb4.21.0&Prime; _module_preset=\u00a0\u00bbdefault\u00a0\u00bb transform_scale=\u00a0\u00bb53%|53%\u00a0\u00bb custom_margin=\u00a0\u00bb-19px||||false|false\u00a0\u00bb custom_padding=\u00a0\u00bb||||false|false\u00a0\u00bb box_shadow_style=\u00a0\u00bbpreset1&Prime; global_colors_info=\u00a0\u00bb{}\u00a0\u00bb transform_styles__hover_enabled=\u00a0\u00bbon|hover\u00a0\u00bb transform_scale__hover_enabled=\u00a0\u00bbon|hover\u00a0\u00bb transform_translate__hover_enabled=\u00a0\u00bbon|desktop\u00a0\u00bb transform_rotate__hover_enabled=\u00a0\u00bbon|desktop\u00a0\u00bb transform_skew__hover_enabled=\u00a0\u00bbon|desktop\u00a0\u00bb transform_origin__hover_enabled=\u00a0\u00bbon|desktop\u00a0\u00bb theme_builder_area=\u00a0\u00bbpost_content\u00a0\u00bb transform_scale__hover=\u00a0\u00bb53%|53%\u00a0\u00bb][\/et_pb_image][\/et_pb_column][et_pb_column type=\u00a0\u00bb1_5&Prime; _builder_version=\u00a0\u00bb4.21.0&Prime; _module_preset=\u00a0\u00bbdefault\u00a0\u00bb global_colors_info=\u00a0\u00bb{}\u00a0\u00bb theme_builder_area=\u00a0\u00bbpost_content\u00a0\u00bb][et_pb_image src=\u00a0\u00bbhttps:\/\/www.les-grands-moulins.fr\/V4\/wp-content\/uploads\/2023\/04\/label-gites-de-france.png\u00a0\u00bb title_text=\u00a0\u00bblabel-g\u00eetes-de-france\u00a0\u00bb url=\u00a0\u00bbhttps:\/\/www.gites-de-france.com\/fr\u00a0\u00bb url_new_window=\u00a0\u00bbon\u00a0\u00bb show_bottom_space=\u00a0\u00bboff\u00a0\u00bb _builder_version=\u00a0\u00bb4.20.4&Prime; _module_preset=\u00a0\u00bbdefault\u00a0\u00bb transform_scale=\u00a0\u00bb53%|53%\u00a0\u00bb custom_margin=\u00a0\u00bb||||false|false\u00a0\u00bb custom_padding=\u00a0\u00bb||||false|false\u00a0\u00bb box_shadow_style=\u00a0\u00bbpreset1&Prime; global_colors_info=\u00a0\u00bb{}\u00a0\u00bb transform_styles__hover_enabled=\u00a0\u00bbon|hover\u00a0\u00bb transform_scale__hover_enabled=\u00a0\u00bbon|hover\u00a0\u00bb transform_translate__hover_enabled=\u00a0\u00bbon|desktop\u00a0\u00bb transform_rotate__hover_enabled=\u00a0\u00bbon|desktop\u00a0\u00bb transform_skew__hover_enabled=\u00a0\u00bbon|desktop\u00a0\u00bb transform_origin__hover_enabled=\u00a0\u00bbon|desktop\u00a0\u00bb theme_builder_area=\u00a0\u00bbpost_content\u00a0\u00bb transform_scale__hover=\u00a0\u00bb53%|53%\u00a0\u00bb][\/et_pb_image][\/et_pb_column][\/et_pb_row][et_pb_row _builder_version=\u00a0\u00bb4.21.0&Prime; _module_preset=\u00a0\u00bbdefault\u00a0\u00bb min_height=\u00a0\u00bb35.8px\u00a0\u00bb custom_margin=\u00a0\u00bb0px|auto|5px|auto|false|false\u00a0\u00bb custom_padding=\u00a0\u00bb0px||0px||false|false\u00a0\u00bb link_option_url=\u00a0\u00bbhttps:\/\/www.facebook.com\/lesgrandsmoulins18\/\u00a0\u00bb global_colors_info=\u00a0\u00bb{}\u00a0\u00bb theme_builder_area=\u00a0\u00bbpost_content\u00a0\u00bb][et_pb_column type=\u00a0\u00bb4_4&Prime; _builder_version=\u00a0\u00bb4.19.4&Prime; _module_preset=\u00a0\u00bbdefault\u00a0\u00bb global_colors_info=\u00a0\u00bb{}\u00a0\u00bb theme_builder_area=\u00a0\u00bbpost_content\u00a0\u00bb][et_pb_text _builder_version=\u00a0\u00bb4.21.0&Prime; _module_preset=\u00a0\u00bbdefault\u00a0\u00bb min_height=\u00a0\u00bb37.8px\u00a0\u00bb custom_margin=\u00a0\u00bb6px||-45px||false|false\u00a0\u00bb custom_padding=\u00a0\u00bb||0px||false|false\u00a0\u00bb link_option_url=\u00a0\u00bbhttps:\/\/www.les-grands-moulins.fr\/V4\/mentions-legales\/\u00a0\u00bb global_colors_info=\u00a0\u00bb{}\u00a0\u00bb theme_builder_area=\u00a0\u00bbpost_content\u00a0\u00bb]<\/p>\n<p style=\"text-align: center;\"><a style=\"height: 45px;\" href=\"https:\/\/www.les-grands-moulins.fr\/V4\/mentions-legales\/\"><span style=\"color: #ccffcc;\">\u00a9 Les Grands Moulins de Gra\u00e7ay &#8211; Tous droits r\u00e9serv\u00e9s<\/span><\/a><\/p>\n<p>[\/et_pb_text][\/et_pb_column][\/et_pb_row][\/et_pb_section]<\/p>\n","protected":false},"excerpt":{"rendered":"<p>Cette journ\u00e9e d\u2019animation, encadr\u00e9e par des animateurs professionnels, comprend 4 ateliers : &#8211; L\u2019empreinte \u00e9cologique et ses cons\u00e9quences sur nos modes de vie &#8211; La d\u00e9couverte des \u00e9nergies procur\u00e9es par la Terre et plus particuli\u00e8rement les \u00e9nergies renouvelables avec la visite de nos installations (panneaux solaires, roue \u00e0 aubes,\u2026) &#8211; La fabrication de murs \u00e9cologiques [&hellip;]<\/p>\n","protected":false},"author":2,"featured_media":0,"parent":0,"menu_order":0,"comment_status":"closed","ping_status":"closed","template":"","meta":{"_et_pb_use_builder":"on","_et_pb_old_content":"","_et_gb_content_width":"","footnotes":""},"class_list":["post-1037","page","type-page","status-publish","hentry"],"_links":{"self":[{"href":"https:\/\/www.les-grands-moulins.fr\/V4\/wp-json\/wp\/v2\/pages\/1037","targetHints":{"allow":["GET"]}}],"collection":[{"href":"https:\/\/www.les-grands-moulins.fr\/V4\/wp-json\/wp\/v2\/pages"}],"about":[{"href":"https:\/\/www.les-grands-moulins.fr\/V4\/wp-json\/wp\/v2\/types\/page"}],"author":[{"embeddable":true,"href":"https:\/\/www.les-grands-moulins.fr\/V4\/wp-json\/wp\/v2\/users\/2"}],"replies":[{"embeddable":true,"href":"https:\/\/www.les-grands-moulins.fr\/V4\/wp-json\/wp\/v2\/comments?post=1037"}],"version-history":[{"count":4,"href":"https:\/\/www.les-grands-moulins.fr\/V4\/wp-json\/wp\/v2\/pages\/1037\/revisions"}],"predecessor-version":[{"id":1226,"href":"https:\/\/www.les-grands-moulins.fr\/V4\/wp-json\/wp\/v2\/pages\/1037\/revisions\/1226"}],"wp:attachment":[{"href":"https:\/\/www.les-grands-moulins.fr\/V4\/wp-json\/wp\/v2\/media?parent=1037"}],"curies":[{"name":"wp","href":"https:\/\/api.w.org\/{rel}","templated":true}]}}